{"id":13,"date":"2026-05-13T08:50:01","date_gmt":"2026-05-13T08:50:01","guid":{"rendered":"https:\/\/nevent.pl\/?page_id=13"},"modified":"2026-05-13T08:55:56","modified_gmt":"2026-05-13T08:55:56","slug":"o-nas","status":"publish","type":"page","link":"https:\/\/nevent.pl\/?page_id=13","title":{"rendered":"O nas"},"content":{"rendered":"        <section class=\"ne-section\"><div class=\"ne-container ne-split\"><div class=\"ne-title\"><small>O nas<\/small><h1>N-EVENT to d\u017awi\u0119k, \u015bwiat\u0142o i eventowa adrenalina<\/h1><p>N-EVENT powsta\u0142 z po\u0142\u0105czenia do\u015bwiadczenia DJ-skiego, pasji do dobrego brzmienia i praktycznej techniki scenicznej. Robimy wydarzenia, kt\u00f3re maj\u0105 wygl\u0105da\u0107 profesjonalnie, brzmie\u0107 konkretnie i zostawi\u0107 po sobie dobre wspomnienie.<\/p><p>Nie chodzi tylko o to, \u017ceby przywie\u017a\u0107 kolumny. Chodzi o to, \u017ceby ca\u0142o\u015b\u0107 dzia\u0142a\u0142a: odpowiednie ustawienie, zasilanie, mikrofony, ods\u0142uchy, \u015bwiat\u0142o, klimat, prowadzenie i reakcja wtedy, gdy na evencie zaczyna si\u0119 prawdziwe \u017cycie.<\/p><\/div><div class=\"ne-photo-placeholder\"><strong>Tu dodaj zdj\u0119cie ekipy, busa albo setupu<\/strong><\/div><\/div><\/section>\n        <section class=\"ne-section alt\"><div class=\"ne-container\"><div class=\"ne-title\"><small>Dlaczego my<\/small><h2>Bo event ma by\u0107 ogarni\u0119ty, nie tylko \u201cjako\u015b zagrany\u201d<\/h2><\/div><div class=\"ne-grid-3\"><div class=\"ne-card\"><h3>Do\u015bwiadczenie<\/h3><p>Wieloletnia praktyka za konsolet\u0105 i przy obs\u0142udze imprez daje wyczucie ludzi, miejsca i momentu.<\/p><\/div><div class=\"ne-card\"><h3>Technika<\/h3><p>Pracujemy na konkretnym sprz\u0119cie: RCF, Pioneer DJ, Allen & Heath, Shure, dbx i DMX.<\/p><\/div><div class=\"ne-card\"><h3>Elastyczno\u015b\u0107<\/h3><p>Dobieramy konfiguracj\u0119 do miejsca: sala, klub, pla\u017ca, plener, scena, beach bar, event firmowy.<\/p><\/div><\/div><\/div><\/section>\n        \n<h2>Nasza historia<\/h2>\n<p>Tutaj mo\u017cesz dopisa\u0107 wi\u0119cej o do\u015bwiadczeniu, ekipie, podej\u015bciu do event\u00f3w i historii marki N-EVENT.<\/p>\n","protected":false},"excerpt":{"rendered":"<p>Nasza historia Tutaj mo\u017cesz dopisa\u0107 wi\u0119cej o do\u015bwiadczeniu, ekipie, podej\u015bciu do event\u00f3w i historii marki N-EVENT.<\/p>\n","protected":false},"author":1,"featured_media":0,"parent":0,"menu_order":0,"comment_status":"closed","ping_status":"closed","template":"","meta":{"footnotes":""},"class_list":["post-13","page","type-page","status-publish","hentry"],"_links":{"self":[{"href":"https:\/\/nevent.pl\/index.php?rest_route=\/wp\/v2\/pages\/13","targetHints":{"allow":["GET"]}}],"collection":[{"href":"https:\/\/nevent.pl\/index.php?rest_route=\/wp\/v2\/pages"}],"about":[{"href":"https:\/\/nevent.pl\/index.php?rest_route=\/wp\/v2\/types\/page"}],"author":[{"embeddable":true,"href":"https:\/\/nevent.pl\/index.php?rest_route=\/wp\/v2\/users\/1"}],"replies":[{"embeddable":true,"href":"https:\/\/nevent.pl\/index.php?rest_route=%2Fwp%2Fv2%2Fcomments&post=13"}],"version-history":[{"count":1,"href":"https:\/\/nevent.pl\/index.php?rest_route=\/wp\/v2\/pages\/13\/revisions"}],"predecessor-version":[{"id":28,"href":"https:\/\/nevent.pl\/index.php?rest_route=\/wp\/v2\/pages\/13\/revisions\/28"}],"wp:attachment":[{"href":"https:\/\/nevent.pl\/index.php?rest_route=%2Fwp%2Fv2%2Fmedia&parent=13"}],"curies":[{"name":"wp","href":"https:\/\/api.w.org\/{rel}","templated":true}]}}